{"id":960,"date":"2024-02-27T14:40:28","date_gmt":"2024-02-27T14:40:28","guid":{"rendered":"https:\/\/talleresigorgatika.com\/?page_id=960"},"modified":"2024-02-27T16:07:01","modified_gmt":"2024-02-27T16:07:01","slug":"politica-de-privacidad","status":"publish","type":"page","link":"https:\/\/talleresigorgatika.com\/eu\/politica-de-privacidad\/","title":{"rendered":"Pol\u00edtica de Privacidad"},"content":{"rendered":"<div data-elementor-type=\"wp-page\" data-elementor-id=\"960\" class=\"elementor elementor-960\" data-elementor-post-type=\"page\">\n\t\t\t\t\t\t<section class=\"elementor-section elementor-top-section elementor-element elementor-element-38c8888 elementor-section-boxed elementor-section-height-default elementor-section-height-default\" data-id=\"38c8888\" data-element_type=\"section\" data-e-type=\"section\">\n\t\t\t\t\t\t<div class=\"elementor-container elementor-column-gap-default\">\n\t\t\t\t\t<div class=\"elementor-column elementor-col-100 elementor-top-column elementor-element elementor-element-ed5d5ef\" data-id=\"ed5d5ef\" data-element_type=\"column\" data-e-type=\"column\">\n\t\t\t<div class=\"elementor-widget-wrap elementor-element-populated\">\n\t\t\t\t\t\t<div class=\"elementor-element elementor-element-a69f18e elementor-widget elementor-widget-text-editor\" data-id=\"a69f18e\" data-element_type=\"widget\" data-e-type=\"widget\" data-widget_type=\"text-editor.default\">\n\t\t\t\t<div class=\"elementor-widget-container\">\n\t\t\t\t\t\t\t\t\t<p class=\"western\" lang=\"es-ES-u-co-trad\"><span style=\"color: #0563c1;\"><u><span style=\"font-family: Verdana, serif;\"><span lang=\"es-ES\"><b>POL\u00cdTICA DE PRIVACIDAD PARA LA PAGINA WEB<\/b><\/span><\/span><\/u><\/span><\/p><p class=\"western\" lang=\"es-ES-u-co-trad\" align=\"justify\"><span style=\"font-family: Verdana, serif;\"><span lang=\"es-ES\">En nuestra Entidad, hemos adaptado nuestros protocolos y pol\u00edticas de privacidad al Reglamento Europeo de Protecci\u00f3n de Datos 679\/2016 (RGPD) y a la LO 3\/2018, de 5 de diciembre, de Protecci\u00f3n de Datos personales y garant\u00eda de los derechos digitales, dado que nos preocupa la seguridad y la protecci\u00f3n de los datos que tratamos.<\/span><\/span><\/p><p class=\"western\" lang=\"es-ES-u-co-trad\" align=\"justify\"><span style=\"font-family: Verdana, serif;\"><span lang=\"es-ES\"><b>1.- QUI\u00c9N ES EL RESPONSABLE DEL TRATAMIENTO DE DATOS<\/b><\/span><\/span><\/p><p lang=\"es-ES-u-co-trad\" align=\"justify\"><span style=\"font-family: Verdana, serif;\"><b>IGOR RUANO GONZALEZ<\/b><\/span><span style=\"font-family: Verdana, serif;\"><span lang=\"es-ES\">, con domicilio en <\/span><\/span><span style=\"font-family: Verdana, serif;\"><span lang=\"es-ES\">POLIGONO INDUSTRIAL UGARTE PAB 1 MOD A, 48110 GATIKA-BIZKAIA<\/span><\/span><span style=\"font-family: Verdana, serif;\"><span lang=\"es-ES\"> es el responsable del correcto tratamiento de sus datos. Puede Vd. consultar sobre este tratamiento a trav\u00e9s del siguiente <\/span><\/span><span style=\"font-family: Verdana, serif;\"><span lang=\"es-ES\">e<\/span><\/span><span style=\"font-family: Verdana, serif;\"><span lang=\"es-ES\">mail <\/span><\/span><span style=\"color: #0070c0;\"><span style=\"font-family: Verdana, serif;\">tallerigor@hotmail.com<\/span><\/span><\/p><p class=\"western\" lang=\"es-ES-u-co-trad\" align=\"justify\"><span style=\"font-family: Verdana, serif;\"><span lang=\"es-ES\"><b>2.- PARA QU\u00c9 UTILIZAMOS SUS DATOS <\/b><\/span><\/span><\/p><p class=\"western\" lang=\"es-ES-u-co-trad\" align=\"justify\"><span style=\"font-family: Verdana, serif;\"><span lang=\"es-ES\">En <\/span><\/span><span style=\"font-family: Verdana, serif;\"><b>IGOR RUANO GONZALEZ<\/b><\/span><b> <\/b><span style=\"font-family: Verdana, serif;\"><span lang=\"es-ES\">tratamos la informaci\u00f3n que nos facilitan las personas interesadas con el fin de:<\/span><\/span><\/p><p class=\"western\" lang=\"es-ES-u-co-trad\" align=\"justify\">\u00a0<\/p><p class=\"western\" lang=\"es-ES-u-co-trad\" align=\"justify\">\u2022 <span style=\"font-family: Verdana, serif;\"><span lang=\"es-ES\"> Tramitar y gestionar las solicitudes de informaci\u00f3n realizadas en relaci\u00f3n a nuestros servicios.<\/span><\/span><\/p><p class=\"western\" lang=\"es-ES-u-co-trad\" align=\"justify\">\u00a0<\/p><p class=\"western\" lang=\"es-ES-u-co-trad\" align=\"justify\">\u00a0<\/p><p class=\"western\" lang=\"es-ES-u-co-trad\" align=\"justify\">\u00a0<\/p><p class=\"western\" lang=\"es-ES-u-co-trad\" align=\"justify\">\u00a0<span style=\"font-family: Verdana, serif;\"><span lang=\"es-ES\"><b>3.- CU\u00c1L ES LA BASE LEGAL PARA EL TRATAMIENTO DE LOS DATOS<\/b><\/span><\/span><\/p><p class=\"western\" lang=\"es-ES-u-co-trad\" align=\"justify\"><span style=\"font-family: Verdana, serif;\"><span lang=\"es-ES\">La utilizaci\u00f3n de los datos que nos ha facilitado a trav\u00e9s del consentimiento, es necesaria para la correcta gesti\u00f3n de las relaciones con los usuarios y, adem\u00e1s, poder cumplir con las obligaciones legales.<\/span><\/span><\/p><p class=\"western\" lang=\"es-ES-u-co-trad\" align=\"justify\"><span style=\"font-family: Verdana, serif;\"><span lang=\"es-ES\">En cualquier momento puede manifestar su oposici\u00f3n al uso de sus datos y, por lo tanto, dejar sin efecto cualquier tipo de gesti\u00f3n con los mismos, quedando \u00fanicamente sus datos bloqueados durante el tiempo legalmente previsto. Comunicarle que el no consentimiento puede conllevar que los servicios sean imposibles de prestar.<\/span><\/span><\/p><p class=\"western\" lang=\"es-ES-u-co-trad\" align=\"justify\"><span style=\"font-family: Verdana, serif;\"><span lang=\"es-ES\"><b>4.- COMUNICACI\u00d3N DE DATOS<\/b><\/span><\/span><\/p><p class=\"western\" lang=\"es-ES-u-co-trad\" align=\"justify\"><span style=\"font-family: Verdana, serif;\"><span lang=\"es-ES\">En principio no se ceder\u00e1n datos salvo obligaci\u00f3n legal.<\/span><\/span><\/p><p class=\"western\" lang=\"es-ES-u-co-trad\" align=\"justify\"><span style=\"font-family: Verdana, serif;\"><span lang=\"es-ES\">Ahora bien, compartiremos sus datos con prestadores de servicios que nos ayudan o dan soporte, o colaboradores externos con quien hemos llegado a acuerdos. <\/span><\/span><\/p><p class=\"western\" lang=\"es-ES-u-co-trad\" align=\"justify\"><span style=\"font-family: Verdana, serif;\"><span lang=\"es-ES\"><b>5.- CONSERVACI\u00d3N DE DATOS <\/b><\/span><\/span><\/p><p class=\"western\" lang=\"es-ES-u-co-trad\" align=\"justify\"><span style=\"font-family: Verdana, serif;\"><span lang=\"es-ES\">Solamente conservaremos sus datos personales durante el tiempo necesario para cumplir con la finalidad para la que se recaban, mientras que mantengamos una relaci\u00f3n contractual, mientras que exista un requisito legal que lo obligue o mientras que Vd. no ejerza ninguno de los derechos que hagan que no podamos tratar sus datos.<\/span><\/span><\/p><p class=\"western\" lang=\"es-ES-u-co-trad\" align=\"justify\"><span style=\"font-family: Verdana, serif;\"><span lang=\"es-ES\"><b>6.- C\u00d3MO PUEDO EJERCER MIS DERECHOS<\/b><\/span><\/span><\/p><p class=\"western\" lang=\"es-ES-u-co-trad\" align=\"justify\"><span style=\"font-family: Verdana, serif;\"><span lang=\"es-ES\">Como titular de derechos, Vd. tiene el control de sus datos y, por lo tanto, en cualquier momento puede ejercitar sus derechos, envi\u00e1ndonos un mail <\/span><\/span><span style=\"color: #0070c0;\"><span style=\"font-family: Verdana, serif;\">tallerigor@hotmail.com<\/span><\/span><\/p><p class=\"western\" lang=\"es-ES-u-co-trad\" align=\"justify\"><span style=\"font-family: Verdana, serif;\"><span lang=\"es-ES\">Los derechos que puede ejercitar son:<\/span><\/span><\/p><ul><li value=\"1\"><p class=\"western\" lang=\"es-ES-u-co-trad\" align=\"justify\"><span style=\"font-family: Verdana, serif;\"><span lang=\"es-ES\"><b>Acceso \u2013 <\/b><\/span><\/span><span style=\"font-family: Verdana, serif;\"><span lang=\"es-ES\">Podr\u00e1 consultar sus datos personales tratados por esta Entidad<\/span><\/span><\/p><\/li><li><p class=\"western\" lang=\"es-ES-u-co-trad\" align=\"justify\"><span style=\"font-family: Verdana, serif;\"><span lang=\"es-ES\"><b>Rectificaci\u00f3n<\/b><\/span><\/span><span style=\"font-family: Verdana, serif;\"><span lang=\"es-ES\"> \u2013 Podr\u00e1 modificar sus datos personales cuando sean inexactos<\/span><\/span><\/p><\/li><li><p class=\"western\" lang=\"es-ES-u-co-trad\" align=\"justify\"><span style=\"font-family: Verdana, serif;\"><span lang=\"es-ES\"><b>Supresi\u00f3n<\/b><\/span><\/span><span style=\"font-family: Verdana, serif;\"><span lang=\"es-ES\"> \u2013 Podr\u00e1 solicitar la eliminaci\u00f3n de sus datos personales<\/span><\/span><\/p><\/li><li><p class=\"western\" lang=\"es-ES-u-co-trad\" align=\"justify\"><span style=\"font-family: Verdana, serif;\"><span lang=\"es-ES\"><b>Oposici\u00f3n<\/b><\/span><\/span><span style=\"font-family: Verdana, serif;\"><span lang=\"es-ES\"> \u2013 Podr\u00e1 solicitar que no se trate alguno de sus datos personales<\/span><\/span><\/p><\/li><li><p class=\"western\" lang=\"es-ES-u-co-trad\" align=\"justify\"><span style=\"font-family: Verdana, serif;\"><span lang=\"es-ES\"><b>Limitaci\u00f3n del Tratamiento<\/b><\/span><\/span><span style=\"font-family: Verdana, serif;\"><span lang=\"es-ES\"> \u2013 Podr\u00e1 solicitar la limitaci\u00f3n al tratamiento de sus datos personales en determinadas circunstancias<\/span><\/span><\/p><\/li><li><p class=\"western\" lang=\"es-ES-u-co-trad\" align=\"justify\"><span style=\"font-family: Verdana, serif;\"><span lang=\"es-ES\"><b>Portabilidad<\/b><\/span><\/span><span style=\"font-family: Verdana, serif;\"><span lang=\"es-ES\"> \u2013 Podr\u00e1 recibir los datos personales que nos haya facilitado o que hayamos obtenido en nuestra relaci\u00f3n contractual, as\u00ed como trasmitirlos a otra Entidad<\/span><\/span><\/p><\/li><\/ul><p class=\"western\" lang=\"es-ES-u-co-trad\" align=\"justify\"><span style=\"font-family: Verdana, serif;\"><span lang=\"es-ES\">Se informa a los usuarios, que tiene <\/span><\/span><span style=\"font-family: Verdana, serif;\"><span lang=\"es-ES\"><b>derecho a revocar<\/b><\/span><\/span><span style=\"font-family: Verdana, serif;\"><span lang=\"es-ES\"> el consentimiento en cualquier momento, sin que ello afecte a la licitud del tratamiento basado en el consentimiento previo a su retirada.<\/span><\/span><\/p><p class=\"western\" lang=\"es-ES-u-co-trad\" align=\"justify\"><span style=\"font-family: Verdana, serif;\"><span lang=\"es-ES\">As\u00ed mismo se informa a los interesados de que pueden presentar una reclamaci\u00f3n ante la Autoridad de Control en materia de Protecci\u00f3n de Datos competente, especialmente cuando no haya obtenido satisfacci\u00f3n en el ejercicio de sus derechos.<\/span><\/span><\/p><p lang=\"es-ES-u-co-trad\" align=\"justify\"><span style=\"font-family: Verdana, serif;\"><span lang=\"es-ES\">Para ejercitar sus derechos, acompa\u00f1e a su solicitud una copia de su DNI o documento equivalente acreditativo de su identidad.<\/span><\/span><\/p>\t\t\t\t\t\t\t\t<\/div>\n\t\t\t\t<\/div>\n\t\t\t\t\t<\/div>\n\t\t<\/div>\n\t\t\t\t\t<\/div>\n\t\t<\/section>\n\t\t\t\t<\/div>","protected":false},"excerpt":{"rendered":"<p>POL\u00cdTICA DE PRIVACIDAD PARA LA PAGINA WEB En nuestra Entidad, hemos adaptado nuestros protocolos y pol\u00edticas de privacidad al Reglamento Europeo de Protecci\u00f3n de Datos 679\/2016 (RGPD) y a la LO 3\/2018, de 5 de diciembre, de Protecci\u00f3n de Datos personales y garant\u00eda de los derechos digitales, dado que nos preocupa la seguridad y la [&hellip;]<\/p>\n","protected":false},"author":1,"featured_media":0,"parent":0,"menu_order":0,"comment_status":"closed","ping_status":"closed","template":"elementor_canvas","meta":{"footnotes":""},"class_list":["post-960","page","type-page","status-publish","hentry"],"yoast_head":"<!-- This site is optimized with the Yoast SEO plugin v27.3 - https:\/\/yoast.com\/product\/yoast-seo-wordpress\/ -->\n<title>Pol\u00edtica de Privacidad - Talleres Igor<\/title>\n<meta name=\"robots\" content=\"index, follow, max-snippet:-1, max-image-preview:large, max-video-preview:-1\" \/>\n<link rel=\"canonical\" href=\"https:\/\/talleresigorgatika.com\/eu\/politica-de-privacidad\/\" \/>\n<meta property=\"og:locale\" content=\"en_US\" \/>\n<meta property=\"og:type\" content=\"article\" \/>\n<meta property=\"og:title\" content=\"Pol\u00edtica de Privacidad - Talleres Igor\" \/>\n<meta property=\"og:description\" content=\"POL\u00cdTICA DE PRIVACIDAD PARA LA PAGINA WEB En nuestra Entidad, hemos adaptado nuestros protocolos y pol\u00edticas de privacidad al Reglamento Europeo de Protecci\u00f3n de Datos 679\/2016 (RGPD) y a la LO 3\/2018, de 5 de diciembre, de Protecci\u00f3n de Datos personales y garant\u00eda de los derechos digitales, dado que nos preocupa la seguridad y la [&hellip;]\" \/>\n<meta property=\"og:url\" content=\"https:\/\/talleresigorgatika.com\/eu\/politica-de-privacidad\/\" \/>\n<meta property=\"og:site_name\" content=\"Talleres Igor\" \/>\n<meta property=\"article:modified_time\" content=\"2024-02-27T16:07:01+00:00\" \/>\n<meta name=\"twitter:card\" content=\"summary_large_image\" \/>\n<meta name=\"twitter:label1\" content=\"Est. reading time\" \/>\n\t<meta name=\"twitter:data1\" content=\"3 minutua\" \/>\n<script type=\"application\/ld+json\" class=\"yoast-schema-graph\">{\"@context\":\"https:\\\/\\\/schema.org\",\"@graph\":[{\"@type\":\"WebPage\",\"@id\":\"https:\\\/\\\/talleresigorgatika.com\\\/politica-de-privacidad\\\/\",\"url\":\"https:\\\/\\\/talleresigorgatika.com\\\/politica-de-privacidad\\\/\",\"name\":\"Pol\u00edtica de Privacidad - Talleres Igor\",\"isPartOf\":{\"@id\":\"https:\\\/\\\/talleresigorgatika.com\\\/#website\"},\"datePublished\":\"2024-02-27T14:40:28+00:00\",\"dateModified\":\"2024-02-27T16:07:01+00:00\",\"breadcrumb\":{\"@id\":\"https:\\\/\\\/talleresigorgatika.com\\\/politica-de-privacidad\\\/#breadcrumb\"},\"inLanguage\":\"eu\",\"potentialAction\":[{\"@type\":\"ReadAction\",\"target\":[\"https:\\\/\\\/talleresigorgatika.com\\\/politica-de-privacidad\\\/\"]}]},{\"@type\":\"BreadcrumbList\",\"@id\":\"https:\\\/\\\/talleresigorgatika.com\\\/politica-de-privacidad\\\/#breadcrumb\",\"itemListElement\":[{\"@type\":\"ListItem\",\"position\":1,\"name\":\"Portada\",\"item\":\"https:\\\/\\\/talleresigorgatika.com\\\/\"},{\"@type\":\"ListItem\",\"position\":2,\"name\":\"Pol\u00edtica de Privacidad\"}]},{\"@type\":\"WebSite\",\"@id\":\"https:\\\/\\\/talleresigorgatika.com\\\/#website\",\"url\":\"https:\\\/\\\/talleresigorgatika.com\\\/\",\"name\":\"Talleres Igor\",\"description\":\"Talleres Igor\",\"potentialAction\":[{\"@type\":\"SearchAction\",\"target\":{\"@type\":\"EntryPoint\",\"urlTemplate\":\"https:\\\/\\\/talleresigorgatika.com\\\/?s={search_term_string}\"},\"query-input\":{\"@type\":\"PropertyValueSpecification\",\"valueRequired\":true,\"valueName\":\"search_term_string\"}}],\"inLanguage\":\"eu\"}]}<\/script>\n<!-- \/ Yoast SEO plugin. -->","yoast_head_json":{"title":"Pol\u00edtica de Privacidad - Talleres Igor","robots":{"index":"index","follow":"follow","max-snippet":"max-snippet:-1","max-image-preview":"max-image-preview:large","max-video-preview":"max-video-preview:-1"},"canonical":"https:\/\/talleresigorgatika.com\/eu\/politica-de-privacidad\/","og_locale":"en_US","og_type":"article","og_title":"Pol\u00edtica de Privacidad - Talleres Igor","og_description":"POL\u00cdTICA DE PRIVACIDAD PARA LA PAGINA WEB En nuestra Entidad, hemos adaptado nuestros protocolos y pol\u00edticas de privacidad al Reglamento Europeo de Protecci\u00f3n de Datos 679\/2016 (RGPD) y a la LO 3\/2018, de 5 de diciembre, de Protecci\u00f3n de Datos personales y garant\u00eda de los derechos digitales, dado que nos preocupa la seguridad y la [&hellip;]","og_url":"https:\/\/talleresigorgatika.com\/eu\/politica-de-privacidad\/","og_site_name":"Talleres Igor","article_modified_time":"2024-02-27T16:07:01+00:00","twitter_card":"summary_large_image","twitter_misc":{"Est. reading time":"3 minutua"},"schema":{"@context":"https:\/\/schema.org","@graph":[{"@type":"WebPage","@id":"https:\/\/talleresigorgatika.com\/politica-de-privacidad\/","url":"https:\/\/talleresigorgatika.com\/politica-de-privacidad\/","name":"Pol\u00edtica de Privacidad - Talleres Igor","isPartOf":{"@id":"https:\/\/talleresigorgatika.com\/#website"},"datePublished":"2024-02-27T14:40:28+00:00","dateModified":"2024-02-27T16:07:01+00:00","breadcrumb":{"@id":"https:\/\/talleresigorgatika.com\/politica-de-privacidad\/#breadcrumb"},"inLanguage":"eu","potentialAction":[{"@type":"ReadAction","target":["https:\/\/talleresigorgatika.com\/politica-de-privacidad\/"]}]},{"@type":"BreadcrumbList","@id":"https:\/\/talleresigorgatika.com\/politica-de-privacidad\/#breadcrumb","itemListElement":[{"@type":"ListItem","position":1,"name":"Portada","item":"https:\/\/talleresigorgatika.com\/"},{"@type":"ListItem","position":2,"name":"Pol\u00edtica de Privacidad"}]},{"@type":"WebSite","@id":"https:\/\/talleresigorgatika.com\/#website","url":"https:\/\/talleresigorgatika.com\/","name":"Talleres Igor","description":"Talleres Igor","potentialAction":[{"@type":"SearchAction","target":{"@type":"EntryPoint","urlTemplate":"https:\/\/talleresigorgatika.com\/?s={search_term_string}"},"query-input":{"@type":"PropertyValueSpecification","valueRequired":true,"valueName":"search_term_string"}}],"inLanguage":"eu"}]}},"_links":{"self":[{"href":"https:\/\/talleresigorgatika.com\/eu\/wp-json\/wp\/v2\/pages\/960","targetHints":{"allow":["GET"]}}],"collection":[{"href":"https:\/\/talleresigorgatika.com\/eu\/wp-json\/wp\/v2\/pages"}],"about":[{"href":"https:\/\/talleresigorgatika.com\/eu\/wp-json\/wp\/v2\/types\/page"}],"author":[{"embeddable":true,"href":"https:\/\/talleresigorgatika.com\/eu\/wp-json\/wp\/v2\/users\/1"}],"replies":[{"embeddable":true,"href":"https:\/\/talleresigorgatika.com\/eu\/wp-json\/wp\/v2\/comments?post=960"}],"version-history":[{"count":7,"href":"https:\/\/talleresigorgatika.com\/eu\/wp-json\/wp\/v2\/pages\/960\/revisions"}],"predecessor-version":[{"id":967,"href":"https:\/\/talleresigorgatika.com\/eu\/wp-json\/wp\/v2\/pages\/960\/revisions\/967"}],"wp:attachment":[{"href":"https:\/\/talleresigorgatika.com\/eu\/wp-json\/wp\/v2\/media?parent=960"}],"curies":[{"name":"wp","href":"https:\/\/api.w.org\/{rel}","templated":true}]}}